{"id":294,"date":"2012-11-19T11:53:28","date_gmt":"2012-11-19T10:53:28","guid":{"rendered":"https:\/\/www.jaapboonstra.nl\/?page_id=294"},"modified":"2024-12-13T12:00:07","modified_gmt":"2024-12-13T11:00:07","slug":"adviseren","status":"publish","type":"page","link":"https:\/\/www.jaapboonstra.nl\/en\/publicaties\/adviseren\/","title":{"rendered":"Consulting"},"content":{"rendered":"<p><a href=\"https:\/\/www.jaapboonstra.nl\/wp-content\/uploads\/2013\/01\/Intervening-and-changing.jpg\"><img loading=\"lazy\" decoding=\"async\" class=\"wp-image-2314 alignleft\" title=\"Boonstra_Intervening_2\" src=\"https:\/\/www.jaapboonstra.nl\/wp-content\/uploads\/2013\/01\/Intervening-and-changing-205x300.jpg\" alt=\"Intervening and changing - Looking for meaning\" width=\"150\" height=\"240\" \/><\/a><\/p>\n<p>Publications on Consulting are available here:<\/p>\n<p>&#8211; <a href=\"https:\/\/www.jaapboonstra.nl\/wp-content\/uploads\/2013\/01\/Interventions-for-cultural-change.pdf\">Interventions for cultural change<\/a><\/p>\n<p>&#8211;\u00a0<a href=\"https:\/\/www.jaapboonstra.nl\/wp-content\/uploads\/2013\/01\/Intervening-and-changing1.pdf\">Intervening and changing<\/a><\/p>\n<p>&#8211; <a href=\"https:\/\/www.jaapboonstra.nl\/wp-content\/uploads\/2013\/01\/Academy-paper-Configurations1.pdf\">Understanding complexity<\/a><\/p>\n<p>&#8211; <a href=\"https:\/\/www.jaapboonstra.nl\/wp-content\/uploads\/2013\/01\/Action-Reserach-Change-Capacity-EGOS2.pdf\">Action Research Change Capacity<\/a><\/p>\n<p>My complete list of publications is available <a title=\"Publications Jaap Boonstra\" href=\"https:\/\/www.jaapboonstra.nl\/en\/publicaties\/publicaties-jaap-boonstra\/\"><span style=\"color: #ff0000;\">here<\/span><\/a><\/p>\n<p>&nbsp;<\/p>\n<p>_____________________________________________<\/p>\n<p><strong>Short articles in English and Spanish<\/strong><\/p>\n<p>Boonstra, J.J. (2024). <a href=\"https:\/\/dobetter.esade.edu\/en\/change-collaborative-HRD-professionals\">Change as a collaborative process: Challenges for HRD professionals<\/a>. <em>Esade knowledge hub. <\/em>April 2024.<\/p>\n<p>Boonstra, J.J. (2023). <a href=\"https:\/\/dobetter.esade.edu\/en\/building-relationship-consultant-client\">Building a relationship between client and consultants<\/a>. <em>Esade knowledge hub.<\/em> November 2023<em><strong>.<br \/>\n<\/strong><\/em><\/p>\n<p>Boonstra, J.J. (2023). <a href=\"https:\/\/dobetter.esade.edu\/en\/how-choose-consultant\">The art of choosing a consultant<\/a>. <em>Esade knowledge hub.<\/em> October 2023<em><strong>.<br \/>\n<\/strong><\/em><\/p>\n<p>Boonstra, J.J. (2023). <a href=\"https:\/\/dobetter.esade.edu\/en\/alliance-management-profession\">Is alliance management a profession?<\/a> <em>Esade knowledge hub.<\/em> April 2023<em><strong>.<\/strong><\/em><strong><em><br \/>\n<\/em><\/strong><\/p>\n<p>Boonstra, J.J. (2021) <a href=\"https:\/\/dobetter.esade.edu\/en\/sex-office\">Sex \u2013 Breaking through taboos to get to the core.<\/a> <em>Esade #DoBetter knowledge hub.<\/em> January 2021<em><strong>.<\/strong><\/em><\/p>\n<p>Boonstra, J.J. (2021) <a href=\"https:\/\/dobetter.esade.edu\/en\/business-communication\">Convincing and communicating \u2013 Making real contact in an open dialogue.<\/a><em>\u00a0Esade #DoBetter knowledge hub.<\/em> February 2021<em><strong>.<\/strong><\/em><\/p>\n<p>Boonstra, J.J. &#038; F.M. Loscos (2020) \u00a0<a href=\"https:\/\/dobetter.esade.edu\/en\/play-organisational-life\">The power of playing in organizational life?<\/a>\u00a0<em>Esade #DoBetter knowledge hub. <\/em>August 2020<em><strong>.<\/strong><\/em><\/p>\n<p>Boonstra, J.J. &#038; F.M. Loscos (2020) \u00a0<a href=\"https:\/\/dobetter.esade.edu\/en\/play-organisations\">Do you dare to play in organizational life?\u00a0<\/a><em>Esade #DoBetter knowledge hub. <\/em>October 2020<em><strong>.<\/strong><\/em><\/p>\n<p>Boonstra, J.J. (2020) <a href=\"https:\/\/dobetter.esade.edu\/en\/curiosity-business\">Strategically na\u00efve. The quality of untamed curiosity.<\/a> <em>Esade #DoBetter knowledge hub. <\/em>November 2020<em><strong>.<\/strong><\/em><\/p>\n<p>&nbsp;<\/p>\n<p><strong>Short articles in Spanish<\/strong><\/p>\n<p>Boonstra, J.J. &#038; Eguiguren, M. (2023). <a href=\"https:\/\/www.jaapboonstra.nl\/wp-content\/uploads\/2024\/12\/11.-Identidad-Organizaciones.pdf\">Identidad de las organizaciones: qui\u00e9nes somos y hacia donde vamos<\/a>. <em>Harvard Duesto Business Review<\/em>, 338, December 2023, 8-18.<\/p>\n<p>Loscos, F.M. &#038; J.J. Boonstra (2020) <a href=\"https:\/\/www.jaapboonstra.nl\/wp-content\/uploads\/2021\/05\/5.-Impulsando-la-transformacion-organizacional.pdf\">Impulsando la transformaci\u00f3n organizacional. C\u00f3mo analizar el nivel de preparaci\u00f3n de nuestra organizaci\u00f3n para enfrentarse a los cambios.<\/a> [Drivers for organizational transformation].\u00a0<em>Harvard Deusto Business Review,<\/em>\u00a0297, February 2020, pp. 40-50.<\/p>\n<p>Loscos, F.M. &#038; J.J. Boonstra (2020) <a href=\"https:\/\/www.jaapboonstra.nl\/wp-content\/uploads\/2021\/05\/6.-La-gestion-de-las-emociones-en-los-procesos-de-cambio.pdf\">La gesti\u00f3n de las emociones en los procesos de Cambio.<\/a> [The impact of emotions in change processes] <em>Harvard Deusto Business Review,<\/em> 298, March 2020, pp. 41-43.<\/p>\n<p>Boonstra, J.J. &#038; F.M. Loscos (2019) <a href=\"https:\/\/www.jaapboonstra.nl\/wp-content\/uploads\/2019\/07\/Cambio-planificado-Juego-1.pdf\">M\u00e1s all\u00e1 del cambio planificado \u2013 Jugamos? <\/a>[Planned change revisited. Let\u2019s play?].\u00a0<em>Harvard Deusto Business Review,<\/em> 291, July 2019, p. 19-26. Spain, Barcelona: Planeta Group.<\/p>\n<p>&nbsp;<\/p>\n<p><strong>More scientific publications about consulting<\/strong><\/p>\n<p>Boonstra, J.J. (2024). <a href=\"https:\/\/www.jaapboonstra.nl\/wp-content\/uploads\/2024\/12\/SAGE-ROCCO_Chp32_1pp.pdf\">Organization development and change: Cornerstones and future perspectives<\/a>. In T. Rocco, M.L., Morris, R. Poell (Eds.). <em>Handbook for Human Resources Development<\/em>. (pp. 202-413). Sage.<\/p>\n<p>Boonstra, J.J. (2024) <a href=\"https:\/\/www.jaapboonstra.nl\/wp-content\/uploads\/2024\/12\/TNF_05_K60230_C005_docbook_new_indd-JB.pdf\">Transforming business: Coping with paradoxes in purpose driven innovation<\/a>. In Alan Belasen &#038; Nicole Pfefferman (Eds.) <em>Brilliant Leadership \u2013 Unlocking the power of Innovation-Communication<\/em>. Routledge. (pp. 68-83).<\/p>\n<p>Boonstra, J.J. (2023). <a href=\"https:\/\/www.tandfonline.com\/doi\/full\/10.1080\/14697017.2022.2151149\">Reflections: Change and play \u2013 From planned change and organizational development to playful transformations<\/a>. <em>Journal of Change Management 23<\/em>(1), 12-23.<\/p>\n<p>Boonstra, J.J. &#038; J. Brillo (2020). <a href=\"https:\/\/www.jaapboonstra.nl\/wp-content\/uploads\/2021\/05\/Shaping-sustainable-innovation-based-on-cultural-values-the-GABV-casus.pdf\">Shaping sustainable innovation based on cultural values.<\/a> In: C.L. Voinea, N. Roijakkers &#038; W. Ooms (Eds) <em>Sustainable Innovation: Strategy, Process, and Impact<\/em>. London: Routledge\/Taylor &#038; Francis. pp. 151-171.<\/p>\n<p>Boonstra, J.J. (2021) <a href=\"https:\/\/www.jaapboonstra.nl\/wp-content\/uploads\/2021\/05\/Journal-of-financial-transformation-.pdf\">Managing strategic and cultural change in organizations.<\/a> <em>Journal of financial transformation<\/em> (52), January 2021, pp. 212-221. New York: Capco Institute.<\/p>\n<p>&nbsp;<\/p>\n","protected":false},"excerpt":{"rendered":"<p>Publications on Consulting are available here: &#8211; Interventions for cultural change &#8211;\u00a0Intervening and changing &#8211; Understanding complexity &#8211; Action Research Change Capacity My complete list of publications is available here &nbsp; _____________________________________________ Short articles in English and Spanish Boonstra, J.J. (2024). Change as a collaborative process: Challenges for HRD professionals. Esade knowledge hub. April 2024. [&hellip;]<\/p>\n","protected":false},"author":3,"featured_media":0,"parent":282,"menu_order":0,"comment_status":"open","ping_status":"open","template":"","meta":{"_acf_changed":false,"footnotes":""},"class_list":["post-294","page","type-page","status-publish","hentry"],"acf":[],"aioseo_notices":[],"_links":{"self":[{"href":"https:\/\/www.jaapboonstra.nl\/en\/wp-json\/wp\/v2\/pages\/294","targetHints":{"allow":["GET"]}}],"collection":[{"href":"https:\/\/www.jaapboonstra.nl\/en\/wp-json\/wp\/v2\/pages"}],"about":[{"href":"https:\/\/www.jaapboonstra.nl\/en\/wp-json\/wp\/v2\/types\/page"}],"author":[{"embeddable":true,"href":"https:\/\/www.jaapboonstra.nl\/en\/wp-json\/wp\/v2\/users\/3"}],"replies":[{"embeddable":true,"href":"https:\/\/www.jaapboonstra.nl\/en\/wp-json\/wp\/v2\/comments?post=294"}],"version-history":[{"count":45,"href":"https:\/\/www.jaapboonstra.nl\/en\/wp-json\/wp\/v2\/pages\/294\/revisions"}],"predecessor-version":[{"id":5121,"href":"https:\/\/www.jaapboonstra.nl\/en\/wp-json\/wp\/v2\/pages\/294\/revisions\/5121"}],"up":[{"embeddable":true,"href":"https:\/\/www.jaapboonstra.nl\/en\/wp-json\/wp\/v2\/pages\/282"}],"wp:attachment":[{"href":"https:\/\/www.jaapboonstra.nl\/en\/wp-json\/wp\/v2\/media?parent=294"}],"curies":[{"name":"wp","href":"https:\/\/api.w.org\/{rel}","templated":true}]}}